{"id":862,"date":"2025-07-24T14:34:53","date_gmt":"2025-07-24T17:34:53","guid":{"rendered":"https:\/\/alejandrolas.com\/acerca-de-alejandro-las\/"},"modified":"2025-08-14T15:36:03","modified_gmt":"2025-08-14T18:36:03","slug":"acerca-de-alejandro-las","status":"publish","type":"page","link":"https:\/\/alejandrolas.com\/es\/acerca-de-alejandro-las\/","title":{"rendered":"Acerca de Alejandro Las"},"content":{"rendered":"<p>[et_pb_section fb_built=&#8221;1&#8243; _builder_version=&#8221;4.27.4&#8243; _module_preset=&#8221;default&#8221; custom_padding=&#8221;0px||0px||true|false&#8221; locked=&#8221;off&#8221; global_colors_info=&#8221;{}&#8221;][et_pb_row _builder_version=&#8221;4.27.4&#8243; _module_preset=&#8221;default&#8221; global_colors_info=&#8221;{}&#8221;][et_pb_column type=&#8221;4_4&#8243; _builder_version=&#8221;4.27.4&#8243; _module_preset=&#8221;default&#8221; global_colors_info=&#8221;{}&#8221;][et_pb_text _builder_version=&#8221;4.27.4&#8243; _module_preset=&#8221;default&#8221; header_font=&#8221;|300|||||||&#8221; header_font_size=&#8221;3em&#8221; global_colors_info=&#8221;{}&#8221;]<\/p>\n<h1>Alejandro Las<\/h1>\n<p>[\/et_pb_text][\/et_pb_column][\/et_pb_row][\/et_pb_section][et_pb_section fb_built=&#8221;1&#8243; custom_padding_last_edited=&#8221;off|desktop&#8221; admin_label=&#8221;Header&#8221; _builder_version=&#8221;4.27.4&#8243; background_color_gradient_direction=&#8221;188deg&#8221; background_enable_image=&#8221;off&#8221; background_size=&#8221;initial&#8221; background_repeat=&#8221;repeat&#8221; width=&#8221;100%&#8221; custom_margin=&#8221;||||false|false&#8221; custom_padding=&#8221;0px||||false|false&#8221; custom_padding_tablet=&#8221;5vw||5vw||true&#8221; global_colors_info=&#8221;{}&#8221;][et_pb_row column_structure=&#8221;1_2,1_2&#8243; custom_padding_last_edited=&#8221;off|phone&#8221; _builder_version=&#8221;4.27.4&#8243; background_position=&#8221;bottom_center&#8221; custom_padding_tablet=&#8221;17vw||17vw||false&#8221; hover_enabled=&#8221;0&#8243; use_custom_width=&#8221;on&#8221; width_unit=&#8221;off&#8221; custom_width_percent=&#8221;100%&#8221; locked=&#8221;off&#8221; global_colors_info=&#8221;{}&#8221; sticky_enabled=&#8221;0&#8243;][et_pb_column type=&#8221;1_2&#8243; _builder_version=&#8221;4.16&#8243; custom_padding=&#8221;|||&#8221; global_colors_info=&#8221;{}&#8221; custom_padding__hover=&#8221;|||&#8221;][et_pb_text _builder_version=&#8221;4.27.4&#8243; text_font=&#8221;||||||||&#8221; header_font=&#8221;||||||||&#8221; header_2_font=&#8221;&#8211;et_global_heading_font|300|||||||&#8221; header_2_text_align=&#8221;left&#8221; header_2_font_size=&#8221;56px&#8221; header_2_line_height=&#8221;1.3em&#8221; header_4_font=&#8221;|700|||||||&#8221; header_4_font_size=&#8221;16px&#8221; header_4_line_height=&#8221;1.2em&#8221; transform_translate_linked=&#8221;off&#8221; max_width=&#8221;700px&#8221; max_width_tablet=&#8221;70%&#8221; max_width_last_edited=&#8221;off|phone&#8221; header_2_font_size_tablet=&#8221;40px&#8221; header_2_font_size_phone=&#8221;26px&#8221; header_2_font_size_last_edited=&#8221;on|desktop&#8221; global_colors_info=&#8221;{}&#8221;]<\/p>\n<h4>Alejandro Las naci\u00f3 en Uruguay en 1967.<\/h4>\n<p>Desde muy joven sinti\u00f3 una atracci\u00f3n irresistible por el dibujo y la pintura, una dedicaci\u00f3n silenciosa que encontr\u00f3 su m\u00e1xima expresi\u00f3n en el rostro humano.<\/p>\n<p>Aunque en gran medida autodidacta en el dibujo, su camino en la pintura estuvo marcado por la mentor\u00eda de los maestros uruguayos Gustavo Alam\u00f3n y Aldo Curto. Con el tiempo, continu\u00f3 perfeccionando su t\u00e9cnica mediante estudios con reconocidos artistas internacionales como Mary Qian, Scott Burdick y Susan Lyon.<\/p>\n<p>Si bien su pincel ha explorado una variedad de temas, es en el retrato donde su voz art\u00edstica se expresa con mayor fuerza. Ya sea en la riqueza profunda del \u00f3leo o en la sutileza expresiva del carb\u00f3n, Alejandro busca revelar no solo un parecido, sino una presencia: una mirada al mundo interior que hay detr\u00e1s de cada gesto. <\/p>\n<p>En el plano personal, est\u00e1 casado con Cristina Beigert desde 1998 y juntos han criado a cuatro hijos. Su vida familiar, junto con su profunda empat\u00eda hacia las personas, es una fuente constante de inspiraci\u00f3n para su obra. <\/p>\n<p>Viaja regularmente, tanto como conferencista invitado en temas de crecimiento personal y espiritual, como en su rol de instructor de arte impartiendo talleres.<\/p>\n<p>Alejandro habla con fluidez ingl\u00e9s, portugu\u00e9s y su lengua materna, el espa\u00f1ol.<\/p>\n<p>[\/et_pb_text][\/et_pb_column][et_pb_column type=&#8221;1_2&#8243; _builder_version=&#8221;4.16&#8243; custom_padding=&#8221;|||&#8221; global_colors_info=&#8221;{}&#8221; custom_padding__hover=&#8221;|||&#8221;][et_pb_image src=&#8221;https:\/\/alejandrolas.com\/site2025\/wp-content\/uploads\/2025\/07\/ale-las.jpg&#8221; title_text=&#8221;ale-las&#8221; _builder_version=&#8221;4.27.4&#8243; _module_preset=&#8221;default&#8221; global_colors_info=&#8221;{}&#8221;][\/et_pb_image][\/et_pb_column][\/et_pb_row][\/et_pb_section]<\/p>\n","protected":false},"excerpt":{"rendered":"<p>Alejandro LasAlejandro Las naci\u00f3 en Uruguay en 1967. Desde muy joven sinti\u00f3 una atracci\u00f3n irresistible por el dibujo y la pintura, una dedicaci\u00f3n silenciosa que encontr\u00f3 su m\u00e1xima expresi\u00f3n en el rostro humano. Aunque en gran medida autodidacta en el dibujo, su camino en la pintura estuvo marcado por la mentor\u00eda de los maestros uruguayos [&hellip;]<\/p>\n","protected":false},"author":1,"featured_media":0,"parent":0,"menu_order":0,"comment_status":"closed","ping_status":"open","template":"","meta":{"_et_pb_use_builder":"on","_et_pb_old_content":"","_et_gb_content_width":"","_monsterinsights_skip_tracking":false,"_monsterinsights_sitenote_active":false,"_monsterinsights_sitenote_note":"","_monsterinsights_sitenote_category":0,"footnotes":""},"class_list":["post-862","page","type-page","status-publish","hentry"],"aioseo_notices":[],"jetpack_sharing_enabled":true,"_links":{"self":[{"href":"https:\/\/alejandrolas.com\/es\/wp-json\/wp\/v2\/pages\/862","targetHints":{"allow":["GET"]}}],"collection":[{"href":"https:\/\/alejandrolas.com\/es\/wp-json\/wp\/v2\/pages"}],"about":[{"href":"https:\/\/alejandrolas.com\/es\/wp-json\/wp\/v2\/types\/page"}],"author":[{"embeddable":true,"href":"https:\/\/alejandrolas.com\/es\/wp-json\/wp\/v2\/users\/1"}],"replies":[{"embeddable":true,"href":"https:\/\/alejandrolas.com\/es\/wp-json\/wp\/v2\/comments?post=862"}],"version-history":[{"count":2,"href":"https:\/\/alejandrolas.com\/es\/wp-json\/wp\/v2\/pages\/862\/revisions"}],"predecessor-version":[{"id":864,"href":"https:\/\/alejandrolas.com\/es\/wp-json\/wp\/v2\/pages\/862\/revisions\/864"}],"wp:attachment":[{"href":"https:\/\/alejandrolas.com\/es\/wp-json\/wp\/v2\/media?parent=862"}],"curies":[{"name":"wp","href":"https:\/\/api.w.org\/{rel}","templated":true}]}}